{"id":2,"date":"2006-12-02T18:40:31","date_gmt":"2006-12-02T17:40:31","guid":{"rendered":""},"modified":"2006-12-03T15:32:18","modified_gmt":"2006-12-03T14:32:18","slug":"acerca-de","status":"publish","type":"page","link":"http:\/\/www.loretahur.net\/AprendiendoCSS\/acerca-de\/","title":{"rendered":"\u00bfPor qu\u00e9 otro blog m\u00e1s en el mundo?"},"content":{"rendered":"<p>La idea de crear este blog naci\u00f3 tras celebrar la segunda edici\u00f3n de <a title=\"Aprendices\" href=\"http:\/\/aprendices.wikispaces.com\/\">Aprendices<\/a>: <em>HTML para bloggers<\/em>.<\/p>\n<p>Como nunca he tenido la suerte de recibir un curso de CSS decid\u00ed darlo yo. De esta forma, movi\u00e9ndome para conseguir el material, yo misma ser\u00eda la profesora y la estudiante; la generadora de contenidos y la consumidora.<\/p>\n<p>Y qu\u00e9 mejor soporte que un blog donde el conocimiento sea colectivo y se vea complementado con vuestros comentarios.<\/p>\n<p>Os animo a que os pong\u00e1is en <a title=\"Contacto\" href=\"http:\/\/www.loretahur.es\/AprendiendoCSS\/contacto\/\">contacto conmigo<\/a> y me mand\u00e9is cosas que os interesar\u00edan aprender de css, o que ya conoc\u00e9is y quer\u00e9is compartir con los dem\u00e1s.<\/p>\n","protected":false},"excerpt":{"rendered":"<p>La idea de crear este blog naci\u00f3 tras celebrar la segunda edici\u00f3n de Aprendices: HTML para bloggers. Como nunca he tenido la suerte de recibir un curso de CSS decid\u00ed darlo yo. De esta forma, movi\u00e9ndome para conseguir el material, yo misma ser\u00eda la profesora y la estudiante; la generadora de contenidos y la consumidora. [&hellip;]<\/p>\n","protected":false},"author":3,"featured_media":0,"parent":0,"menu_order":0,"comment_status":"open","ping_status":"open","template":"","meta":{"footnotes":""},"_links":{"self":[{"href":"http:\/\/www.loretahur.net\/AprendiendoCSS\/wp-json\/wp\/v2\/pages\/2"}],"collection":[{"href":"http:\/\/www.loretahur.net\/AprendiendoCSS\/wp-json\/wp\/v2\/pages"}],"about":[{"href":"http:\/\/www.loretahur.net\/AprendiendoCSS\/wp-json\/wp\/v2\/types\/page"}],"author":[{"embeddable":true,"href":"http:\/\/www.loretahur.net\/AprendiendoCSS\/wp-json\/wp\/v2\/users\/3"}],"replies":[{"embeddable":true,"href":"http:\/\/www.loretahur.net\/AprendiendoCSS\/wp-json\/wp\/v2\/comments?post=2"}],"version-history":[{"count":0,"href":"http:\/\/www.loretahur.net\/AprendiendoCSS\/wp-json\/wp\/v2\/pages\/2\/revisions"}],"wp:attachment":[{"href":"http:\/\/www.loretahur.net\/AprendiendoCSS\/wp-json\/wp\/v2\/media?parent=2"}],"curies":[{"name":"wp","href":"https:\/\/api.w.org\/{rel}","templated":true}]}}